{"id":2503,"date":"2021-03-22T09:37:56","date_gmt":"2021-03-22T08:37:56","guid":{"rendered":"https:\/\/neu21.blc-training.de\/?page_id=2503"},"modified":"2021-03-22T17:46:12","modified_gmt":"2021-03-22T16:46:12","slug":"privacy-terms-of-use","status":"publish","type":"page","link":"https:\/\/www.blc.solutions\/en\/privacy-terms-of-use\/","title":{"rendered":"Privacy \/ Terms of Use"},"content":{"rendered":"[vc_row type=&#8221;in_container&#8221; full_screen_row_position=&#8221;middle&#8221; column_margin=&#8221;default&#8221; column_direction=&#8221;default&#8221; column_direction_tablet=&#8221;default&#8221; column_direction_phone=&#8221;default&#8221; scene_position=&#8221;center&#8221; text_color=&#8221;dark&#8221; text_align=&#8221;left&#8221; row_border_radius=&#8221;none&#8221; row_border_radius_applies=&#8221;bg&#8221; overlay_strength=&#8221;0.3&#8243; gradient_direction=&#8221;left_to_right&#8221; shape_divider_position=&#8221;bottom&#8221; bg_image_animation=&#8221;none&#8221;][vc_column column_padding=&#8221;no-extra-padding&#8221; column_padding_tablet=&#8221;inherit&#8221; column_padding_phone=&#8221;inherit&#8221; column_padding_position=&#8221;all&#8221; background_color_opacity=&#8221;1&#8243; background_hover_color_opacity=&#8221;1&#8243; column_shadow=&#8221;none&#8221; column_border_radius=&#8221;none&#8221; column_link_target=&#8221;_self&#8221; gradient_direction=&#8221;left_to_right&#8221; overlay_strength=&#8221;0.3&#8243; width=&#8221;1\/1&#8243; tablet_width_inherit=&#8221;default&#8221; tablet_text_alignment=&#8221;default&#8221; phone_text_alignment=&#8221;default&#8221; column_border_width=&#8221;none&#8221; column_border_style=&#8221;solid&#8221; bg_image_animation=&#8221;none&#8221;][vc_column_text]\n<div class=\"wpb_wrapper\">\n<div class=\"wpb_text_column wpb_content_element \">\n<div class=\"wpb_wrapper\">\n<h1>Privacy policy (German)<\/h1>\n<p>Diese Datenschutzerkl\u00e4rung informiert \u00fcber die Art, den Umfang und Zweck der Verarbeitung von personenbezogenen Daten (im Folgenden \u201eDaten\u201c) auf unseren Webseiten auf (im Folgenden \u201eOnlineangebot\u201c). Die Begriffe werden verwendet im Einklang mit Definitionen im Art. 4 der Datenschutzgrundverordnung (DSGVO).<\/p>\n<h2><strong>1. Verantwortliche Stelle<\/strong><\/h2>\n<p>BLC Business Language Centre<br \/>\nFriedrich-Ebert-Anlage 36<br \/>\n60325 Frankfurt am Main<\/p>\n<p>Tel. +49 (0) 69 \u2013 133 088 89<br \/>\nEmail datenschutz blc.training<\/p>\n<h2><strong>2. Art der von uns verarbeiteten Daten:<\/strong><\/h2>\n<p>\u2013 Bestandsdaten (z.B., Namen, Adressen)<br \/>\n\u2013 Kontaktdaten (z.B., E-Mail, Telefonnummern)<br \/>\n\u2013 Nutzungsdaten (z.B., besuchte Webseiten, Zugriffsdauer)<br \/>\n\u2013 Metadaten (z.B., Ger\u00e4te-Informationen, IP-Adressen)<\/p>\n<h2><strong>3. Zweck der Verarbeitung<\/strong><\/h2>\n<p>\u2013 Bereitstellung unseres Onlineangebots, seiner Funktionen und Inhalte<br \/>\n\u2013 Organisation, Durchf\u00fchrung, Abrechnung und Dokumentation von Trainingsprogrammen<br \/>\n\u2013 Kontaktaufnahme mit Kunden und Unternehmen<\/p>\n<h2><strong>4. Grundlagen<\/strong><\/h2>\n<p>Rechtsgrundlage f\u00fcr die Erhebung, Verarbeitung und Nutzung von personenbezogenen Daten des Kunden ist die Europ\u00e4ische Datenschutz-Grundverordnung DSGVO. Wir erheben Daten (oder bekommen diese durch unsere gewerblichen Kunden \u00fcber m\u00f6gliche Teilnehmer\/-innen \u00fcbermittelt) beim Stellen einer Anfrage \u00fcber ein Onlineformular oder die Bearbeitung von Einstufungstests auf unserer Website, per E-Mail, bei der Organisation von vertraglich geregelten Trainingsprogrammen, oder im Rahmen einer Auftragsdatenverarbeitung durch unsere gewerblichen oder institutionellen Kunden. Diese Daten werden von uns ggf. erhoben, gespeichert und im weiteren Prozess verarbeitet.<\/p>\n<p>Wir empfehlen, sich regelm\u00e4\u00dfig \u00fcber den Inhalt unserer Datenschutzerkl\u00e4rung zu informieren. Diese wird angepasst, sobald \u00c4nderungen der von uns durchgef\u00fchrten Datenverarbeitung oder \u00c4nderungen der entsprechenden Verordnungen dies erfordern. Im Falle einer erforderlichen Einwilligung Ihrerseits werden wir Sie entsprechend informieren.<\/p>\n<h2><strong>5. Kontaktaufnahme<\/strong><\/h2>\n<p>Wenn Sie mit uns in Kontakt treten oder unsere Einstufungstest bzw. unser Online-Feedback auf dieser Website nutzen, \u00fcbermitteln Sie uns Ihre pers\u00f6nlichen Daten \u00fcber die Kontaktformulare unserer Website oder per Email. Unsere Website sowie unser Email-Provider nutzen eine SSL- \/ TLS-Verschl\u00fcsselung. (Diese erkennen Sie daran, dass die Adresse im Browser von \u201chttp:\/\/\u201d auf \u201chttps:\/\/\u201d wechselt sowie am Schloss-Symbol oder dem Wort \u201eSecure\u201c in der Browserzeile.)<\/p>\n<p>Ihre Rechte (siehe unter Punkt 7. unten) bleiben davon nat\u00fcrlich unber\u00fchrt.<\/p>\n<h2><strong>6. Zusammenarbeit mit Auftragsverarbeitern und Dritten<\/strong><\/h2>\n<p>Jegliche \u00dcbermittlung von Daten an andere Personen oder Unternehmen (Datenverarbeiter im Auftrag oder Dritte) oder Gew\u00e4hrung von Zugriff oder Einblick erfolgt nur auf Grundlage einer gesetzlichen Erlaubnis (z.B. nach Art. 6 DSGVO zur Vertragserf\u00fcllung), Ihrer Einwilligung, einer rechtlichen Verpflichtung oder auf Grundlage unserer berechtigten Interessen nach DSGVO (z.B. beim Einsatz von Beauftragten, IT-Dienstleistern, etc.).<\/p>\n<p>Die Verarbeitung von Daten durch Dritte erfolgt auf Grundlage eines Auftragsverarbeitungsvertrages nach Art. 28 DSGVO.<\/p>\n<p>Eine \u00dcbermittlung in ein Drittland (au\u00dferhalb der Europ\u00e4ischen Union (EU) oder des Europ\u00e4ischen Wirtschaftsraums (EWR)) erfolgt nur, wenn es zur Erf\u00fcllung unserer vertraglichen Pflichten, auf Grundlage Ihrer Einwilligung, aufgrund einer rechtlichen Verpflichtung oder auf Grundlage unserer berechtigten Interessen nach DSGVO geschieht. Dies erfolgt beispielsweise auf Grundlage besonderer Garantien wie der Feststellung eines dem europ\u00e4ischen Standards entsprechenden Datenschutzniveaus (z.B. \u201ePrivacy Shield\u201c).<\/p>\n<h2><strong>7. Rechte von betroffenen Personen; L\u00f6schung von Daten (\u201eRecht auf Vergessenwerden\u201c)<\/strong><\/h2>\n<p>Art. 15 DSGVO gibt Ihnen das Recht, von BLC Auskunft \u00fcber die Tatsache und die Art und Weise der Verarbeitung von pers\u00f6nlichen Daten zu erhalten. Ebenso k\u00f6nnen Sie Vervollst\u00e4ndigung, Korrektur, Sperrung oder L\u00f6schung Ihrer pers\u00f6nlichen Daten zu verlangen. Nach Art. 7 Abs. 3 DSGVO k\u00f6nnen Sie jederzeit eine vorher gegebene Einwilligung zur Datenverarbeitung widerrufen.<\/p>\n<p>Wir vervollst\u00e4ndigen, korrigieren, sperren oder l\u00f6schen Ihre Daten umgehend, sofern sie nicht f\u00fcr Abrechnungs- und Buchhaltungszwecke gesetzlich vorgehalten werden m\u00fcssen. Diese rechtlich vorgesehenen Aufbewahrungsfristen k\u00f6nnen bis zu 10 Jahre betragen.<\/p>\n<p>Nach Art. 17 und 18 DSGVO l\u00f6schen oder sperren wir Daten, wenn diese f\u00fcr den bestimmten Zweck nicht mehr erforderlich sind und der L\u00f6schung keine gesetzlichen Aufbewahrungspflichten (z. B. Handels- oder Steuerrecht) entgegenstehen. Grunds\u00e4tzlich l\u00f6schen oder sperren wir Daten entsprechend den Vorgaben unserer gewerblichen oder institutionellen Kunden oder nach Beendigung des Auftrags oder Vertragsverh\u00e4ltnisses.<\/p>\n<p>Im Falle datenschutzrechtlicher Verst\u00f6\u00dfe steht Betroffenen ein Beschwerderecht bei der zust\u00e4ndigen Aufsichtsbeh\u00f6rde zu. Zust\u00e4ndige Aufsichtsbeh\u00f6rde in datenschutzrechtlichen Fragen ist der Landesdatenschutzbeauftragte des Bundeslandes, in dem unser Unternehmen seinen Sitz hat. Eine Liste der Datenschutzbeauftragten sowie deren Kontaktdaten k\u00f6nnen folgendem Link entnommen werden: https:\/\/www.bfdi.bund.de\/DE\/Infothek\/Anschriften_Links\/anschriften_links-node.html.<\/p>\n<h2><strong>8. Hosting<\/strong><\/h2>\n<p>Unser Hosting-Provider setzt unter Umst\u00e4nden beim Besuch unserer Website Cookies ein. Wenn Sie auf unserer Webseite auf Links klicken oder navigieren, stimmen Sie der Erfassung von Informationen durch Cookies zu.<\/p>\n<p>Cookies sind kleine Textdateien, die auf der Festplatte Ihres Computers abgelegt werden und die Wiedererkennung erm\u00f6glichen, aber keine pers\u00f6nliche Identifikation Ihrer Person zulassen. Sie k\u00f6nnen das Speichern von Cookies auf Ihrer Festplatte verhindern, indem Sie in Ihren Browser-Einstellungen \u201ekeine Cookies akzeptieren\u201c w\u00e4hlen. Sie k\u00f6nnen Ihren Browser auch so einstellen, dass dieser Sie vor dem Setzen von Cookies fragt, ob Sie einverstanden sind. Schlie\u00dflich k\u00f6nnen Sie auch einmal gesetzte Cookies jederzeit wieder l\u00f6schen. Wie all das im Einzelnen funktioniert, entnehmen Sie bitte der Anleitung Ihres Browser-Herstellers. Wenn Sie keine Cookies akzeptieren, kann dies im Einzelfall zu Funktionseinschr\u00e4nkungen der Webseite f\u00fchren. Auch ohne aktive L\u00f6schung wird der Cookie jedoch nach Ablauf von zw\u00f6lf Monaten automatisch gel\u00f6scht.<\/p>\n<p>Unser Hosting-Provider erhebt nach Art. 6 DSGVO (berechtigte Interessen) Daten \u00fcber alle Zugriffe auf Server (Serverlogfiles). Diese Daten k\u00f6nnen u. a. beinhalten: Name der Website, Datum und Uhrzeit des Abrufs, \u00fcbertragene Datenmenge, IP-Adresse, Browsertyp und -version, Betriebssystemtyp und -version des abrufenden Rechners, oder Referrer-URL (die vorher besuchte Seite)<\/p>\n<p>Logfiles-Informationen werden \u00fcblicherweise maximal 7 Tage gespeichert und danach gel\u00f6scht. Dies geschieht aus Sicherheitsgr\u00fcnden, d. h. Daten, die zu Beweiszwecken (z. B. aufgrund eines richterlichen Beschlusses) aufbewahrt werden m\u00fcssen, sind von der L\u00f6schung ausgenommen.<\/p>\n<p>Unser Hosting-Provider bindet die Schriftarten (Google Fonts) des Anbieters Google LLC,<br \/>\n1600 Amphitheatre Parkway, Mountain View, CA 94043 (SA) ein. Allgemeine Informationen zum Thema Datenschutz bei Google finden sie unter http:\/\/www.google.com\/intl\/de-DE\/policies\/privacy\/<\/p>\n<\/div>\n<\/div>\n<\/div>\n<h1>Allgemeine Gesch\u00e4ftsbedingungen<\/h1>\n<div class=\"wpb_wrapper\">\n<div class=\"wpb_text_column wpb_content_element \">\n<div class=\"wpb_wrapper\">\n<h2>Sprachenunterricht<\/h2>\n<p><strong>1. Geltung &amp; Vertrag<\/strong><br \/>\nDie nachfolgenden allgemeinen Gesch\u00e4ftsbedingungen (\u201eAGB\u201c) von BLC Business Language Centre GmbH &amp; Co. KG, Friedrich-Ebert-Anlage 36, 60325 Frankfurt am Main (\u201eBLC\u201c), gelten f\u00fcr alle Vertragsbeziehungen zwischen BLC und Unternehmern (\u201eGesch\u00e4ftskunden\u201c) gem. \u00a7 14 BGB.<\/p>\n<p>F\u00fcr Verbraucher im Sinne des \u00a7 13 BGB gelten gesonderte Allgemeine Gesch\u00e4ftsbedingungen.<\/p>\n<p>Der Vertrag zwischen BLC und dem Gesch\u00e4ftskunden \u00fcber die vom Gesch\u00e4ftskunden ausgew\u00e4hlte Dienstleistung und in den Warenkorb eingebrachten Leistung kommt zustande durch das Ausf\u00fcllen des auf der Webseite bereitgestellten Bestellformulars und Absenden dieses Formulars durch Anklicken des Feldes \u201eBestellen\u201c (verbindliches Angebot des Gesch\u00e4ftskunden) einerseits und durch die Annahme dieses Angebots durch BLC durch \u00dcbersendung einer Annahmeerkl\u00e4rung an die vom Gesch\u00e4ftskunden im Bestellformular angegebene E-Mail-Adresse und Eingang dieser Erkl\u00e4rung in dem der Adresse zugeordneten E-Mail-Postfach des Gesch\u00e4ftskunden. Die automatische Bestelleingangsbest\u00e4tigung an den Gesch\u00e4ftskunden nach Eingang der Bestellung bei BLC stellt noch keine Annahme des Vertragsangebots dar. Die automatische Bestelleingangsbest\u00e4tigung enth\u00e4lt u. a. die Belehrung des Verbrauchers \u00fcber sein Widerrufsrecht in Textform.<\/p>\n<p><strong>1.1. Vertragsschluss<\/strong><br \/>\nGesch\u00e4ftskunden k\u00f6nnen ein Angebot von BLC durch Abschluss eines Unterrichtsvertrages im Online-Shop von BLC in Anspruch nehmen. Gewerbliche Gesch\u00e4ftskunden k\u00f6nnen dar\u00fcber hinaus Angebote durch Zusendung des unterschriebenen Angebotes von BLC oder per E-Mail\/Brief\/Fax annehmen \u2013 in diesem Fall kommt ebenfalls ein g\u00fcltiger Vertrag mit BLC zustande.<br \/>\nSoweit nicht im Rahmen besonderer Angebote in diesen AGB abweichend geregelt, sind die Angebote von BLC im Online-Shop ein verbindliches Angebot an den Gesch\u00e4ftskunden. Der Gesch\u00e4ftskunde kann das Angebot durch seine Bestellung, mit Annahme der AGB und Klicken des \u201eKaufen\u201c-Buttons annehmen.<\/p>\n<p><strong>1.2. R\u00fccktrittsrecht von BLC<\/strong><br \/>\nF\u00fcr angebotene Gruppenkurse ist BLC grunds\u00e4tzlich berechtigt, vom Vertrag zur\u00fcckzutreten, wenn die im Angebot (schriftlich oder im Online-Shop) angegebene Mindestteilnehmerzahl nicht erreicht wird. In diesem Fall kommt der vom Gesch\u00e4ftskunden gebuchte Kurs nicht zustande. BLC wird nach M\u00f6glichkeit dem Gesch\u00e4ftskunden ein alternatives Angebot unterbreiten.<\/p>\n<p><strong>2. Unterrichtsorganisation und \u2013 durchf\u00fchrung<\/strong><br \/>\n2.1. Pr\u00e4senzunterricht \/ Virtueller Klassenraum<br \/>\nJede Unterrichtsstunde dauert 45 Minuten, wenn nichts anderes vereinbart wurde.<\/p>\n<p>2.2. Termine<br \/>\na) Notwendige Umdisponierungen oder Absagen von Unterrichtsstunden m\u00fcssen aus organisatorischen Gr\u00fcnden bis zur Uhrzeit des Trainingsbeginns am vorangehenden Werktag mit BLC telefonisch, schriftlich oder pers\u00f6nlich vereinbart bzw. angezeigt werden, andernfalls ist BLC berechtigt, den entsprechenden Unterrichtstermin voll zu berechnen.<br \/>\nF\u00fcr Gruppenkurse gilt der Unterricht als erteilt und damit voll kostenpflichtig, solange auch nur ein Teilnehmer anwesend war bzw. der Unterricht nicht im Einvernehmen und rechtzeitig (siehe a)) umdisponiert wurde. Dies gilt auch f\u00fcr sog. \u201eoffene\u201c Gruppenkurse, bei denen Teilnehmer einzeln angemeldet werden.<br \/>\nc) Vereinbarte Termine k\u00f6nnen nur vorbehaltlich der in dem Fachbereich zur Verf\u00fcgung stehenden Lehrkr\u00e4fte eingehalten werden. F\u00e4llt die vorgesehene Lehrkraft durch Krankheit oder andere nicht im Einfluss von BLC stehende Gr\u00fcnde aus, so ist BLC berechtigt, einen Vertretungslehrer zu benennen. Ein Wechsel der Lehrkraft berechtigt Gesch\u00e4ftskunden grunds\u00e4tzlich weder zum R\u00fccktritt noch zur K\u00fcndigung des Vertrages.<\/p>\n<p>2.3. Unterricht im virtuellen Klassenraum \/ per Telefon<br \/>\nErg\u00e4nzend zu den Bestimmungen f\u00fcr Pr\u00e4senzunterricht (Ziff. 2.1. und Ziff. 2.2.) gilt f\u00fcr Teilnehmer am Unterricht im virtuellen Klassenraum, dass diese sich verpflichten, f\u00fcr eine ad\u00e4quate technische Ausstattung (Computer, Software, Internet-Breitbandverbindung, Headset, Kamera) zu sorgen. BLC bietet hierzu Unterst\u00fctzung an. Der Gesch\u00e4ftskunde tr\u00e4gt die Kosten f\u00fcr die Telefon- bzw. Internetverbindung, um auf die Dienstleistungen zugreifen zu k\u00f6nnen. BLC ist berechtigt die Softwareplattform aus technischen oder organisatorischen Gr\u00fcnden zu wechseln. Ein Wechsel der Plattform berechtigt Gesch\u00e4ftskunden grunds\u00e4tzlich weder zum R\u00fccktritt noch zur K\u00fcndigung des Vertrages.<\/p>\n<p><strong>3. Preise und Zahlungsbedingungen<\/strong><br \/>\n3.1. F\u00fcr Dienstleistungen von BLC gelten die jeweils angegebenen Preise zum Zeitpunkt der Angebotsabgabe an den Gesch\u00e4ftskunden. Die angegebenen Preise sind Nettopreise und verstehen sich zuz\u00fcglich der gesetzlichen Mehrwertsteuer.<\/p>\n<p><strong>4. K\u00fcndigung des Vertrages<\/strong><br \/>\n4.1. K\u00fcndigung durch den Gesch\u00e4ftskunden<br \/>\na) vor Beginn<br \/>\nHier gelten folgende Bestimmungen: Die ordentliche K\u00fcndigung ist bis 4 Wochen vor Unterrichtsbeginn kostenfrei m\u00f6glich.<br \/>\nb) nach Beginn<br \/>\nNach Beginn des Unterrichts ist eine K\u00fcndigung erstmals zum Ablauf des ersten Halbjahres nach Vertragsschluss mit einer Frist von sechs Wochen m\u00f6glich. Nach Ablauf des ersten Halbjahres kann der Gesch\u00e4ftskunde jederzeit mit Frist von drei Monaten k\u00fcndigen.<br \/>\nc) Das Recht zur au\u00dferordentlichen K\u00fcndigung bleibt unber\u00fchrt.<br \/>\nd) Eine K\u00fcndigung bedarf der schriftlichen Form.<br \/>\ne) Im Falle der K\u00fcndigung hat der Gesch\u00e4ftskunde den Anteil des Preises zu entrichten, der dem Wert der Leistungen von BLC w\u00e4hrend der Laufzeit des Vertrages entspricht.<\/p>\n<p>4.2. Besondere K\u00fcndigungsbedingungen<br \/>\na) BLC ist berechtigt, in einem Angebot gesonderte K\u00fcndigungs- oder Stornobedingungen anzugeben. Diese sind vorrangig gegen\u00fcber den hier aufgef\u00fchrten K\u00fcndigungsbedingungen.<\/p>\n<p><strong>5. Leistungszeitraum<\/strong><br \/>\n5.1. Der Unterricht ist an den vereinbarten Terminen wahrzunehmen.<br \/>\n5.2. Vers\u00e4umt der Gesch\u00e4ftskunde Unterrichtsstunden, so ist er BLC zum Ersatz des daraus entstehenden Schadens verpflichtet, wenn eine Absage nicht rechtzeitig (siehe 2.2.) erfolgt ist.<\/p>\n<p><strong>6. Haftung f\u00fcr Pr\u00e4senzunterricht<\/strong><br \/>\n6.1. F\u00fcr andere als durch Verletzung von Leben, K\u00f6rper und Gesundheit entstehende Sch\u00e4den haftet BLC lediglich, soweit diese auf vors\u00e4tzlichem oder grob fahrl\u00e4ssigem Handeln oder auf schuldhafter Verletzung einer wesentlichen Vertragspflicht (sog. \u201eKardinalpflicht\u201c, d. h. eine solche Verpflichtung, deren Erf\u00fcllung die ordnungsgem\u00e4\u00dfe Durchf\u00fchrung des Vertrages \u00fcberhaupt erst erm\u00f6glicht und auf deren Einhaltung der Vertragspartner regelm\u00e4\u00dfig vertraut und vertrauen darf) durch BLC oder deren Erf\u00fcllungsgehilfen beruhen. Die Bestimmungen des Produkthaftungsgesetzes bleiben hiervon unber\u00fchrt; unbeschr\u00e4nkt bleibt dar\u00fcber hinaus die Haftung f\u00fcr das arglistige Verschweigen eines Mangels, f\u00fcr eine ausdr\u00fccklich garantierte Beschaffenheit sowie f\u00fcr Personensch\u00e4den.<\/p>\n<p>6.2. Sofern BLC leicht fahrl\u00e4ssig eine wesentliche Vertragspflicht verletzt, ist die Ersatzpflicht f\u00fcr Sachsch\u00e4den auf den typischerweise vorhersehbaren Schaden beschr\u00e4nkt.<\/p>\n<p>6.3. Dieser Ausschluss bzw. die Eingrenzung der Haftung von BLC gilt auch f\u00fcr die pers\u00f6nliche Haftung von gesetzlichen Vertretern, Angestellten und eingesetzten Lehrkr\u00e4ften.<\/p>\n<p>6.4. BLC haftet nicht f\u00fcr den Verlust von Daten, wenn der Schaden bei ordnungsgem\u00e4\u00dfer Datensicherung im Verantwortungsbereich des Kunden nicht eingetreten w\u00e4re. Von einer ordnungsgem\u00e4\u00dfen Datensicherung ist dann auszugehen, wenn der Kunde seine Datenbest\u00e4nde mindestens t\u00e4glich in maschinenlesbarer Form nachweislich sichert und damit gew\u00e4hrleistet, dass diese Daten mit vertretbarem Aufwand wieder hergestellt werden k\u00f6nnen. Die Haftung von BLC f\u00fcr den Verlust von Daten wird dar\u00fcber hinaus, au\u00dfer in den F\u00e4llen von Vorsatz und grober Fahrl\u00e4ssigkeit, auf den typischen Wiederherstellungsaufwand beschr\u00e4nkt, der bei ordnungsgem\u00e4\u00dfer Datensicherung eingetreten w\u00e4re.<\/p>\n<p>6.5. Es gelten im \u00dcbrigen die gesetzlichen Gew\u00e4hrleistungsrechte.<\/p>\n<p><strong>7. Haftung f\u00fcr Unterricht im virtuellen Klassenraum \/ E-Learning<\/strong><br \/>\n7.1. F\u00fcr andere als durch Verletzung von Leben, K\u00f6rper und Gesundheit entstehende Sch\u00e4den haftet BLC lediglich, soweit diese auf vors\u00e4tzlichem oder grob fahrl\u00e4ssigem Handeln oder auf schuldhafter Verletzung einer wesentlichen Vertragspflicht (sog. \u201eKardinalpflicht\u201c, d. h. eine solche Verpflichtung, deren Erf\u00fcllung die ordnungsgem\u00e4\u00dfe Durchf\u00fchrung des Vertrages \u00fcberhaupt erst erm\u00f6glicht und auf deren Einhaltung der Vertragspartner regelm\u00e4\u00dfig vertraut und vertrauen darf) durch BLC oder deren Erf\u00fcllungsgehilfen beruhen. Die Bestimmungen des Produkthaftungsgesetzes bleiben hiervon unber\u00fchrt; unbeschr\u00e4nkt bleibt dar\u00fcber hinaus die Haftung f\u00fcr das arglistige Verschweigen eines Mangels, f\u00fcr eine ausdr\u00fccklich garantierte Beschaffenheit sowie f\u00fcr Personensch\u00e4den.<\/p>\n<p>7.2. Sofern BLC leicht fahrl\u00e4ssig eine wesentliche Vertragspflicht verletzt, ist die Ersatzpflicht f\u00fcr Sachsch\u00e4den auf den typischerweise vorhersehbaren Schaden beschr\u00e4nkt.<\/p>\n<p>7.3. Dieser Ausschluss bzw. die Eingrenzung der Haftung von BLC gilt auch f\u00fcr die pers\u00f6nliche Haftung von gesetzlichen Vertretern, Angestellten und eingesetzten Lehrkr\u00e4ften.<\/p>\n<p>7.4. BLC haftet nicht f\u00fcr den Verlust von Daten, wenn der Schaden bei ordnungsgem\u00e4\u00dfer Datensicherung im Verantwortungsbereich des Kunden nicht eingetreten w\u00e4re. Von einer ordnungsgem\u00e4\u00dfen Datensicherung ist dann auszugehen, wenn der Kunde seine Datenbest\u00e4nde mindestens t\u00e4glich in maschinenlesbarer Form nachweislich sichert und damit gew\u00e4hrleistet, dass diese Daten mit vertretbarem Aufwand wieder hergestellt werden k\u00f6nnen. Die Haftung von BLC f\u00fcr den Verlust von Daten wird dar\u00fcber hinaus, au\u00dfer in den F\u00e4llen von Vorsatz und grober Fahrl\u00e4ssigkeit, auf den typischen Wiederherstellungsaufwand beschr\u00e4nkt, der bei ordnungsgem\u00e4\u00dfer Datensicherung eingetreten w\u00e4re.<\/p>\n<p>7.5. Es gelten im \u00dcbrigen die gesetzlichen Gew\u00e4hrleistungsrechte.<\/p>\n<p><strong>8. Lehrkr\u00e4fte<\/strong><br \/>\nBLC ist berechtigt, in Unterrichtsvertr\u00e4gen Gesch\u00e4ftskunden einen direkten Vertragsabschluss mit Lehrkr\u00e4ften oder eine Besch\u00e4ftigung der Lehrkr\u00e4fte zu untersagen (dies gilt auch f\u00fcr m\u00fcndliche Absprachen). Wenn nichts anderes vereinbart wird, gilt dieses Verbot f\u00fcr die Dauer des Unterrichts sowie 12 Monate nach Beendigung des Unterrichts.<\/p>\n<p><strong>9. Schlussbestimmungen<\/strong><br \/>\n\u00c4nderungen oder Erg\u00e4nzungen der Allgemeinen Gesch\u00e4ftsbedingungen bed\u00fcrfen der Schriftform.<br \/>\nM\u00fcndliche Nebenabreden bestehen nicht. Durch die Abgabe des Angebots werden diese AGB und die jeweils g\u00fcltigen Vertragsbestandteile anerkannt. AGB des Gesch\u00e4ftskunden werden von BLC nicht anerkannt.<br \/>\nGerichtsstand f\u00fcr alle Streitigkeiten, die keinen Fernunterrichtsvertrag betreffen, ist Frankfurt am Main. Dabei gilt jedoch f\u00fcr BLC das Recht auch am Sitz des Gesch\u00e4ftskunden zu klagen.<br \/>\nSollte eine Bestimmung dieses Vertrages unwirksam sein oder werden, so ber\u00fchrt dies die Wirksamkeit des Vertrages im \u00dcbrigen nicht. Anstelle der unwirksamen Bestimmungen gelten die einschl\u00e4gigen gesetzlichen Vorschriften.<\/p>\n<p>Stand: Februar 2021<br \/>\nBLC Business Language Centre GmbH &amp; Co. KG<br \/>\nFriedrich-Ebert-Anlage 36<br \/>\n60325 Frankfurt am Main<\/p>\n<\/div>\n<\/div>\n<\/div>\n[\/vc_column_text][\/vc_column][\/vc_row]\n","protected":false},"excerpt":{"rendered":"<p>[vc_row type=&#8221;in_container&#8221; full_screen_row_position=&#8221;middle&#8221; column_margin=&#8221;default&#8221; column_direction=&#8221;default&#8221; column_direction_tablet=&#8221;default&#8221; column_direction_phone=&#8221;default&#8221; scene_position=&#8221;center&#8221; text_color=&#8221;dark&#8221; text_align=&#8221;left&#8221; row_border_radius=&#8221;none&#8221; row_border_radius_applies=&#8221;bg&#8221; overlay_strength=&#8221;0.3&#8243; gradient_direction=&#8221;left_to_right&#8221; shape_divider_position=&#8221;bottom&#8221; bg_image_animation=&#8221;none&#8221;][vc_column column_padding=&#8221;no-extra-padding&#8221; column_padding_tablet=&#8221;inherit&#8221; column_padding_phone=&#8221;inherit&#8221; column_padding_position=&#8221;all&#8221; background_color_opacity=&#8221;1&#8243; background_hover_color_opacity=&#8221;1&#8243; column_shadow=&#8221;none&#8221; column_border_radius=&#8221;none&#8221; column_link_target=&#8221;_self&#8221; gradient_direction=&#8221;left_to_right&#8221; overlay_strength=&#8221;0.3&#8243; width=&#8221;1\/1&#8243; tablet_width_inherit=&#8221;default&#8221; tablet_text_alignment=&#8221;default&#8221;&#8230;<\/p>\n","protected":false},"author":2,"featured_media":0,"parent":0,"menu_order":0,"comment_status":"closed","ping_status":"closed","template":"","meta":{"footnotes":""},"class_list":["post-2503","page","type-page","status-publish"],"_links":{"self":[{"href":"https:\/\/www.blc.solutions\/en\/wp-json\/wp\/v2\/pages\/2503","targetHints":{"allow":["GET"]}}],"collection":[{"href":"https:\/\/www.blc.solutions\/en\/wp-json\/wp\/v2\/pages"}],"about":[{"href":"https:\/\/www.blc.solutions\/en\/wp-json\/wp\/v2\/types\/page"}],"author":[{"embeddable":true,"href":"https:\/\/www.blc.solutions\/en\/wp-json\/wp\/v2\/users\/2"}],"replies":[{"embeddable":true,"href":"https:\/\/www.blc.solutions\/en\/wp-json\/wp\/v2\/comments?post=2503"}],"version-history":[{"count":4,"href":"https:\/\/www.blc.solutions\/en\/wp-json\/wp\/v2\/pages\/2503\/revisions"}],"predecessor-version":[{"id":2685,"href":"https:\/\/www.blc.solutions\/en\/wp-json\/wp\/v2\/pages\/2503\/revisions\/2685"}],"wp:attachment":[{"href":"https:\/\/www.blc.solutions\/en\/wp-json\/wp\/v2\/media?parent=2503"}],"curies":[{"name":"wp","href":"https:\/\/api.w.org\/{rel}","templated":true}]}}